{"id":318,"date":"2021-02-09T17:09:50","date_gmt":"2021-02-09T22:09:50","guid":{"rendered":"https:\/\/bonkerzbrand.com\/?page_id=318"},"modified":"2023-07-11T00:11:15","modified_gmt":"2023-07-11T05:11:15","slug":"politica-de-reembolso","status":"publish","type":"page","link":"https:\/\/bonkerzbrand.com\/es\/politica-de-reembolso\/","title":{"rendered":"Pol\u00edtica de Reembolso"},"content":{"rendered":"<p>[et_pb_section fb_built=&#8221;1&#8243; _builder_version=&#8221;4.7.7&#8243; use_background_color_gradient=&#8221;on&#8221; background_color_gradient_start=&#8221;#252B6B&#8221; background_color_gradient_end=&#8221;#A4D1FC&#8221; background_color_gradient_direction=&#8221;360deg&#8221; background_color_gradient_start_position=&#8221;100%&#8221; background_enable_image=&#8221;off&#8221;][et_pb_row _builder_version=&#8221;3.27.4&#8243; min_height=&#8221;73.7px&#8221; custom_margin=&#8221;80px|auto|80px|auto||&#8221;][et_pb_column type=&#8221;4_4&#8243; _builder_version=&#8221;3.27.4&#8243;][et_pb_text _builder_version=&#8221;4.7.7&#8243; text_font=&#8221;|600|||||||&#8221; text_text_color=&#8221;#ffffff&#8221; text_font_size=&#8221;33px&#8221; text_orientation=&#8221;center&#8221; animation_style=&#8221;zoom&#8221; hover_enabled=&#8221;0&#8243; sticky_enabled=&#8221;0&#8243;]<\/p>\n<p>POL\u00cdTICA DE REEMBOLSO<\/p>\n<p>[\/et_pb_text][\/et_pb_column][\/et_pb_row][\/et_pb_section][et_pb_section fb_built=&#8221;1&#8243; _builder_version=&#8221;3.27.4&#8243; custom_padding=&#8221;51px||75px|||&#8221;][et_pb_row _builder_version=&#8221;4.7.7&#8243; _module_preset=&#8221;default&#8221;][et_pb_column _builder_version=&#8221;4.7.7&#8243; _module_preset=&#8221;default&#8221; type=&#8221;4_4&#8243;][et_pb_text _builder_version=&#8221;4.7.7&#8243; _module_preset=&#8221;default&#8221; hover_enabled=&#8221;0&#8243; sticky_enabled=&#8221;0&#8243;]<\/p>\n<p>1.- No hay devoluciones en art\u00edculos gratis, donde s\u00f3lo se paga por el env\u00edo.<\/p>\n<p>2.- Nuestra pol\u00edtica de reembolso es aplicable dentro de los primeros 30 d\u00edas. Si recibe el art\u00edculo da\u00f1ado, si es as\u00ed, env\u00edenos una foto y video del producto a nuestro correo: atencion.gipsy@gmail.com<\/p>\n<p>3.- Para ser elegible para una devoluci\u00f3n, su art\u00edculo debe estar sin uso y en las mismas condiciones en que lo recibi\u00f3. Tambi\u00e9n debe estar en el embalaje original.<\/p>\n<p>4.- Varios tipos de bienes est\u00e1n exentos de ser devueltos. Los productos perecederos como alimentos, flores, peri\u00f3dicos o revistas no pueden devolverse. Tampoco aceptamos productos que sean bienes \u00edntimos o sanitarios, materiales peligrosos o l\u00edquidos o gases inflamables.<\/p>\n<p>Art\u00edculos no retornables adicionales:<\/p>\n<p>&#8211; Tarjetas de regalo<\/p>\n<p>&#8211; Productos de software descargables<\/p>\n<p>&#8211; Algunos art\u00edculos de salud y cuidado personal.<\/p>\n<p>Para completar su devoluci\u00f3n, requerimos un recibo o comprobante de compra. Por favor, no env\u00ede su compra al fabricante.<\/p>\n<p>5.- Hay ciertas situaciones en las que solo se otorgan reembolsos parciales (si corresponde).<\/p>\n<p>Libro con signos evidentes de uso CD, DVD, cinta de VHS, software, videojuegos, cinta de casete o disco de vinilo que se haya abierto. Cualquier art\u00edculo que no est\u00e9 en su estado original, est\u00e9 da\u00f1ado o falte en piezas por razones que no se debieron a nuestro error. Cualquier art\u00edculo que se devuelve m\u00e1s de 30 d\u00edas despu\u00e9s de la entrega<\/p>\n<p>6.- Reembolsos (si corresponde)<\/p>\n<p>Una vez recibida e inspeccionada su devoluci\u00f3n, le enviaremos un correo electr\u00f3nico para notificarle que hemos recibido el art\u00edculo devuelto. Tambi\u00e9n le notificaremos la aprobaci\u00f3n o el rechazo de su reembolso.<\/p>\n<p>Si lo aprueban, se procesar\u00e1 su reembolso y se aplicar\u00e1 un cr\u00e9dito autom\u00e1ticamente a su tarjeta de cr\u00e9dito o m\u00e9todo de pago original, dentro de los pr\u00f3ximo 3 d\u00edas laborables.<\/p>\n<p>7.- Reembolsos atrasados \u200b\u200bo faltantes (si corresponde)<\/p>\n<p>Si a\u00fan no ha recibido un reembolso, primero verifique nuevamente su cuenta bancaria.<\/p>\n<p>Luego, comun\u00edquese con la compa\u00f1\u00eda de su tarjeta de cr\u00e9dito, puede tomar alg\u00fan tiempo antes de que se publique oficialmente su reembolso.<\/p>\n<p>A continuaci\u00f3n, p\u00f3ngase en contacto con su banco. A menudo hay alg\u00fan tiempo de procesamiento antes de que se publique un reembolso.<\/p>\n<p>Si ha hecho todo esto y a\u00fan no ha recibido su reembolso, cont\u00e1ctenos en:&nbsp;<span>&nbsp;atencion.gipsy<\/span><span>@gmail.com<\/span><\/p>\n<p>8.- Art\u00edculos en venta (si corresponde)<\/p>\n<p>Solo los art\u00edculos de precio regular pueden ser reembolsados, desafortunadamente los art\u00edculos con descuento no pueden ser reembolsados.<\/p>\n<p>9.- Intercambios (si corresponde)<\/p>\n<p>Solo reemplazamos los art\u00edculos si est\u00e1n defectuosos o da\u00f1ados. Si necesita cambiarlo por el mismo art\u00edculo, env\u00edenos un correo electr\u00f3nico a atencion.gipsy<span>@gmail.com<\/span><\/p>\n<p>10.- Regalos<\/p>\n<p>Si el art\u00edculo se marc\u00f3 como un regalo cuando lo compr\u00f3 y se lo envi\u00f3 directamente a usted, recibir\u00e1 un cr\u00e9dito de regalo por el valor de su devoluci\u00f3n. Una vez que se reciba el art\u00edculo devuelto, se le enviar\u00e1 un certificado de regalo por correo.<\/p>\n<p>Si el art\u00edculo no se marc\u00f3 como un regalo cuando lo compr\u00f3, o si el que lo hizo recibi\u00f3 el pedido para que se lo env\u00eden a usted m\u00e1s tarde, le enviaremos un reembolso y se informar\u00e1 sobre su devoluci\u00f3n.<\/p>\n<p>11.- Direcci\u00f3n de env\u00edo<\/p>\n<p>En caso el producto no cumpla con sus expectativas, procederemos con el cambio de producto o devoluci\u00f3n del dinero, sin costo alguno por gastos de env\u00edo.<\/p>\n<p>[\/et_pb_text][\/et_pb_column][\/et_pb_row][\/et_pb_section]<\/p>\n","protected":false},"excerpt":{"rendered":"<p>[et_pb_section fb_built=&#8221;1&#8243; _builder_version=&#8221;4.7.7&#8243; use_background_color_gradient=&#8221;on&#8221; background_color_gradient_start=&#8221;#252B6B&#8221; background_color_gradient_end=&#8221;#A4D1FC&#8221; background_color_gradient_direction=&#8221;360deg&#8221; background_color_gradient_start_position=&#8221;100%&#8221; background_enable_image=&#8221;off&#8221;][et_pb_row _builder_version=&#8221;3.27.4&#8243; min_height=&#8221;73.7px&#8221; custom_margin=&#8221;80px|auto|80px|auto||&#8221;][et_pb_column type=&#8221;4_4&#8243; _builder_version=&#8221;3.27.4&#8243;][et_pb_text _builder_version=&#8221;4.7.7&#8243; text_font=&#8221;|600|||||||&#8221; text_text_color=&#8221;#ffffff&#8221; text_font_size=&#8221;33px&#8221; text_orientation=&#8221;center&#8221; animation_style=&#8221;zoom&#8221; hover_enabled=&#8221;0&#8243; sticky_enabled=&#8221;0&#8243;] POL\u00cdTICA DE REEMBOLSO [\/et_pb_text][\/et_pb_column][\/et_pb_row][\/et_pb_section][et_pb_section fb_built=&#8221;1&#8243; _builder_version=&#8221;3.27.4&#8243; custom_padding=&#8221;51px||75px|||&#8221;][et_pb_row _builder_version=&#8221;4.7.7&#8243; _module_preset=&#8221;default&#8221;][et_pb_column _builder_version=&#8221;4.7.7&#8243; _module_preset=&#8221;default&#8221; type=&#8221;4_4&#8243;][et_pb_text _builder_version=&#8221;4.7.7&#8243; _module_preset=&#8221;default&#8221; hover_enabled=&#8221;0&#8243; sticky_enabled=&#8221;0&#8243;] 1.- No hay devoluciones en art\u00edculos gratis, donde s\u00f3lo se paga por el env\u00edo. 2.- Nuestra pol\u00edtica [&hellip;]<\/p>\n","protected":false},"author":1,"featured_media":0,"parent":0,"menu_order":0,"comment_status":"closed","ping_status":"closed","template":"","meta":{"_et_pb_use_builder":"on","_et_pb_old_content":"<!-- wp:group -->\n<div class=\"wp-block-group\"><div class=\"wp-block-group__inner-container\"><!-- wp:columns -->\n<div class=\"wp-block-columns\"><!-- wp:column -->\n<div class=\"wp-block-column\"><!-- wp:paragraph -->\n<p><\/p>\n<!-- \/wp:paragraph --><\/div>\n<!-- \/wp:column --><\/div>\n<!-- \/wp:columns --><\/div><\/div>\n<!-- \/wp:group -->\n\n<!-- wp:paragraph -->\n<p><\/p>\n<!-- \/wp:paragraph -->","_et_gb_content_width":"","footnotes":""},"class_list":["post-318","page","type-page","status-publish","hentry"],"_links":{"self":[{"href":"https:\/\/bonkerzbrand.com\/es\/wp-json\/wp\/v2\/pages\/318","targetHints":{"allow":["GET"]}}],"collection":[{"href":"https:\/\/bonkerzbrand.com\/es\/wp-json\/wp\/v2\/pages"}],"about":[{"href":"https:\/\/bonkerzbrand.com\/es\/wp-json\/wp\/v2\/types\/page"}],"author":[{"embeddable":true,"href":"https:\/\/bonkerzbrand.com\/es\/wp-json\/wp\/v2\/users\/1"}],"replies":[{"embeddable":true,"href":"https:\/\/bonkerzbrand.com\/es\/wp-json\/wp\/v2\/comments?post=318"}],"version-history":[{"count":2,"href":"https:\/\/bonkerzbrand.com\/es\/wp-json\/wp\/v2\/pages\/318\/revisions"}],"predecessor-version":[{"id":1903,"href":"https:\/\/bonkerzbrand.com\/es\/wp-json\/wp\/v2\/pages\/318\/revisions\/1903"}],"wp:attachment":[{"href":"https:\/\/bonkerzbrand.com\/es\/wp-json\/wp\/v2\/media?parent=318"}],"curies":[{"name":"wp","href":"https:\/\/api.w.org\/{rel}","templated":true}]}}